{"id":34,"date":"2023-05-30T08:08:06","date_gmt":"2023-05-30T08:08:06","guid":{"rendered":"https:\/\/wp1.themevibrant.com\/newwp\/counsolve\/?page_id=34"},"modified":"2024-06-07T20:01:43","modified_gmt":"2024-06-07T20:01:43","slug":"about-us","status":"publish","type":"page","link":"https:\/\/cfcconsultoria.com\/index.php\/about-us\/","title":{"rendered":"Nosotros"},"content":{"rendered":"\t\t<div data-elementor-type=\"wp-page\" data-elementor-id=\"34\" class=\"elementor elementor-34\">\n\t\t\t\t\t\t<section class=\"elementor-section elementor-top-section elementor-element elementor-element-14caab7 elementor-section-full_width elementor-section-height-default elementor-section-height-default\" data-id=\"14caab7\" data-element_type=\"section\">\n\t\t\t\t\t\t<div class=\"elementor-container elementor-column-gap-default\">\n\t\t\t\t\t<div class=\"elementor-column elementor-col-100 elementor-top-column elementor-element elementor-element-5790d14\" data-id=\"5790d14\" data-element_type=\"column\">\n\t\t\t<div class=\"elementor-widget-wrap elementor-element-populated\">\n\t\t\t\t\t\t<section class=\"elementor-section elementor-inner-section elementor-element elementor-element-84f9893 elementor-section-boxed elementor-section-height-default elementor-section-height-default\" data-id=\"84f9893\" data-element_type=\"section\">\n\t\t\t\t\t\t<div class=\"elementor-container elementor-column-gap-default\">\n\t\t\t\t\t<div class=\"elementor-column elementor-col-33 elementor-inner-column elementor-element elementor-element-89b0642\" data-id=\"89b0642\" data-element_type=\"column\">\n\t\t\t<div class=\"elementor-widget-wrap elementor-element-populated\">\n\t\t\t\t\t\t<div class=\"elementor-element elementor-element-58d89f2 elementor-widget elementor-widget-counsolve_hero_title\" data-id=\"58d89f2\" data-element_type=\"widget\" data-widget_type=\"counsolve_hero_title.default\">\n\t\t\t\t<div class=\"elementor-widget-container\">\n\t\t\t    \n    <div class=\"te-box-title sec-title \">        \n                <span class=\"te-subtitle sub-title\"><span class=\"te-bn-subtitle\"><\/span><\/span>\n        \t\t<h2 class=\"te_title counsolve-size-default\">\u00bfQui\u00e9nes somos?\n<\/h2>        \n                \n    <\/div>     \n    \n    \t\t<\/div>\n\t\t\t\t<\/div>\n\t\t\t\t<div class=\"elementor-element elementor-element-d1df363 elementor-widget elementor-widget-text-editor\" data-id=\"d1df363\" data-element_type=\"widget\" data-widget_type=\"text-editor.default\">\n\t\t\t\t<div class=\"elementor-widget-container\">\n\t\t\t<style>\/*! elementor - v3.21.0 - 26-05-2024 *\/\n.elementor-widget-text-editor.elementor-drop-cap-view-stacked .elementor-drop-cap{background-color:#69727d;color:#fff}.elementor-widget-text-editor.elementor-drop-cap-view-framed .elementor-drop-cap{color:#69727d;border:3px solid;background-color:transparent}.elementor-widget-text-editor:not(.elementor-drop-cap-view-default) .elementor-drop-cap{margin-top:8px}.elementor-widget-text-editor:not(.elementor-drop-cap-view-default) .elementor-drop-cap-letter{width:1em;height:1em}.elementor-widget-text-editor .elementor-drop-cap{float:left;text-align:center;line-height:1;font-size:50px}.elementor-widget-text-editor .elementor-drop-cap-letter{display:inline-block}<\/style>\t\t\t\t<p><b>Consultor\u00eda Fiscal Contadores P\u00fablicos y Auditores, S.C., <\/b>es una Firma profesional independiente integrada por Contadores P\u00fablicos Certificados especialistas en los procesos de gesti\u00f3n empresarial de cualquier actividad econ\u00f3mica que realicen las empresas, con m\u00e1s de 22 a\u00f1os de experiencia, lo que nos permite identificar riesgos en la planeaci\u00f3n, la organizaci\u00f3n, la direcci\u00f3n y el control de los recursos financieros, humanos, materiales y tecnol\u00f3gicos con que cuentan nuestros clientes.<\/p>\t\t\t\t\t\t<\/div>\n\t\t\t\t<\/div>\n\t\t\t\t\t<\/div>\n\t\t<\/div>\n\t\t\t\t<div class=\"elementor-column elementor-col-33 elementor-inner-column elementor-element elementor-element-e9b2d6f\" data-id=\"e9b2d6f\" data-element_type=\"column\">\n\t\t\t<div class=\"elementor-widget-wrap elementor-element-populated\">\n\t\t\t\t\t\t<div class=\"elementor-element elementor-element-c4fcd09 elementor-widget elementor-widget-counsolve_image_widget\" data-id=\"c4fcd09\" data-element_type=\"widget\" data-widget_type=\"counsolve_image_widget.default\">\n\t\t\t\t<div class=\"elementor-widget-container\">\n\t\t\t\t\t\t\t\r\n        <!-- about-style-five -->\r\n        <section class=\"about-style-five p-0 m-0\">\r\n            <div class=\"image-column town-image-box\">\r\n                <figure class=\"image-box\"><img decoding=\"async\" src=\"https:\/\/cfcconsultoria.com\/wp-content\/uploads\/2023\/09\/nosotros1-empleada.png\" alt=\"Awesome Image\"><\/figure>\r\n            <\/div>\r\n        <\/section>\r\n\t\t\r\n\t\t\t\t<\/div>\n\t\t\t\t<\/div>\n\t\t\t\t\t<\/div>\n\t\t<\/div>\n\t\t\t\t<div class=\"elementor-column elementor-col-33 elementor-inner-column elementor-element elementor-element-7b95218\" data-id=\"7b95218\" data-element_type=\"column\">\n\t\t\t<div class=\"elementor-widget-wrap elementor-element-populated\">\n\t\t\t\t\t\t<div class=\"elementor-element elementor-element-a1631d1 elementor-widget elementor-widget-text-editor\" data-id=\"a1631d1\" data-element_type=\"widget\" data-widget_type=\"text-editor.default\">\n\t\t\t\t<div class=\"elementor-widget-container\">\n\t\t\t\t\t\t\t<p>Somos <b>Consultor\u00eda Fiscal Contadores P\u00fablicos y Auditores, S.C.<\/b>, una Firma profesional independiente especializada en servicios integrales de auditor\u00eda financiera, asesor\u00eda fiscal y consultor\u00eda empresarial, enfocados a mejorar la gesti\u00f3n de riesgos empresariales con una visi\u00f3n global, ofreciendo los mejores escenarios posibles para optimizar los recursos del negocio.<\/p>\t\t\t\t\t\t<\/div>\n\t\t\t\t<\/div>\n\t\t\t\t\t<\/div>\n\t\t<\/div>\n\t\t\t\t\t<\/div>\n\t\t<\/section>\n\t\t\t\t\t<\/div>\n\t\t<\/div>\n\t\t\t\t\t<\/div>\n\t\t<\/section>\n\t\t\t\t<section class=\"elementor-section elementor-top-section elementor-element elementor-element-d5d69b0 elementor-section-boxed elementor-section-height-default elementor-section-height-default\" data-id=\"d5d69b0\" data-element_type=\"section\">\n\t\t\t\t\t\t<div class=\"elementor-container elementor-column-gap-default\">\n\t\t\t\t\t<div class=\"elementor-column elementor-col-100 elementor-top-column elementor-element elementor-element-a713bec\" data-id=\"a713bec\" data-element_type=\"column\">\n\t\t\t<div class=\"elementor-widget-wrap elementor-element-populated\">\n\t\t\t\t\t\t<div class=\"elementor-element elementor-element-f3d5a57 elementor-widget elementor-widget-heading\" data-id=\"f3d5a57\" data-element_type=\"widget\" data-widget_type=\"heading.default\">\n\t\t\t\t<div class=\"elementor-widget-container\">\n\t\t\t<style>\/*! elementor - v3.21.0 - 26-05-2024 *\/\n.elementor-heading-title{padding:0;margin:0;line-height:1}.elementor-widget-heading .elementor-heading-title[class*=elementor-size-]>a{color:inherit;font-size:inherit;line-height:inherit}.elementor-widget-heading .elementor-heading-title.elementor-size-small{font-size:15px}.elementor-widget-heading .elementor-heading-title.elementor-size-medium{font-size:19px}.elementor-widget-heading .elementor-heading-title.elementor-size-large{font-size:29px}.elementor-widget-heading .elementor-heading-title.elementor-size-xl{font-size:39px}.elementor-widget-heading .elementor-heading-title.elementor-size-xxl{font-size:59px}<\/style><h2 class=\"elementor-heading-title elementor-size-default\">\u00a1Ofrecemos los mejores escenarios posibles para optimizar sus recursos y crecer juntos!\n<\/h2>\t\t<\/div>\n\t\t\t\t<\/div>\n\t\t\t\t\t<\/div>\n\t\t<\/div>\n\t\t\t\t\t<\/div>\n\t\t<\/section>\n\t\t\t\t<section class=\"elementor-section elementor-top-section elementor-element elementor-element-61f7910 elementor-section-full_width elementor-section-height-default elementor-section-height-default\" data-id=\"61f7910\" data-element_type=\"section\">\n\t\t\t\t\t\t<div class=\"elementor-container elementor-column-gap-default\">\n\t\t\t\t\t<div class=\"elementor-column elementor-col-100 elementor-top-column elementor-element elementor-element-ba42318\" data-id=\"ba42318\" data-element_type=\"column\">\n\t\t\t<div class=\"elementor-widget-wrap elementor-element-populated\">\n\t\t\t\t\t\t<section class=\"elementor-section elementor-inner-section elementor-element elementor-element-3ca237c elementor-section-boxed elementor-section-height-default elementor-section-height-default\" data-id=\"3ca237c\" data-element_type=\"section\">\n\t\t\t\t\t\t<div class=\"elementor-container elementor-column-gap-default\">\n\t\t\t\t\t<div class=\"elementor-column elementor-col-50 elementor-inner-column elementor-element elementor-element-daa738b\" data-id=\"daa738b\" data-element_type=\"column\">\n\t\t\t<div class=\"elementor-widget-wrap elementor-element-populated\">\n\t\t\t\t\t\t<div class=\"elementor-element elementor-element-819a8cc elementor-widget elementor-widget-counsolve_float_image\" data-id=\"819a8cc\" data-element_type=\"widget\" data-settings=\"{&quot;counsolve_layout_margin&quot;:{&quot;unit&quot;:&quot;px&quot;,&quot;top&quot;:&quot;&quot;,&quot;right&quot;:&quot;&quot;,&quot;bottom&quot;:&quot;&quot;,&quot;left&quot;:&quot;&quot;,&quot;isLinked&quot;:true},&quot;counsolve_layout_margin_tablet&quot;:{&quot;unit&quot;:&quot;px&quot;,&quot;top&quot;:&quot;&quot;,&quot;right&quot;:&quot;&quot;,&quot;bottom&quot;:&quot;&quot;,&quot;left&quot;:&quot;&quot;,&quot;isLinked&quot;:true},&quot;counsolve_layout_margin_mobile&quot;:{&quot;unit&quot;:&quot;px&quot;,&quot;top&quot;:&quot;&quot;,&quot;right&quot;:&quot;&quot;,&quot;bottom&quot;:&quot;&quot;,&quot;left&quot;:&quot;&quot;,&quot;isLinked&quot;:true},&quot;counsolve_layout_padding&quot;:{&quot;unit&quot;:&quot;px&quot;,&quot;top&quot;:&quot;&quot;,&quot;right&quot;:&quot;&quot;,&quot;bottom&quot;:&quot;&quot;,&quot;left&quot;:&quot;&quot;,&quot;isLinked&quot;:true},&quot;counsolve_layout_padding_tablet&quot;:{&quot;unit&quot;:&quot;px&quot;,&quot;top&quot;:&quot;&quot;,&quot;right&quot;:&quot;&quot;,&quot;bottom&quot;:&quot;&quot;,&quot;left&quot;:&quot;&quot;,&quot;isLinked&quot;:true},&quot;counsolve_layout_padding_mobile&quot;:{&quot;unit&quot;:&quot;px&quot;,&quot;top&quot;:&quot;&quot;,&quot;right&quot;:&quot;&quot;,&quot;bottom&quot;:&quot;&quot;,&quot;left&quot;:&quot;&quot;,&quot;isLinked&quot;:true}}\" data-widget_type=\"counsolve_float_image.default\">\n\t\t\t\t<div class=\"elementor-widget-container\">\n\t\t\t   \n    \n\t   \n    \n    <!-- skills-section -->\n    <section class=\"skills-section counsolve-banner-section p-0 m-0\">            \n        <div class=\"image-box\">\n                        <figure class=\"image image-1\"><img decoding=\"async\" src=\"https:\/\/cfcconsultoria.com\/wp-content\/uploads\/2023\/06\/DSC01182_1-scaled.jpg\" alt=\"Awesome Image\"><\/figure>\n            <figure class=\"image image-2\"><img decoding=\"async\" src=\"https:\/\/cfcconsultoria.com\/wp-content\/uploads\/2023\/09\/nosotros3.png\" alt=\"Awesome Image\"><\/figure>\n                                            <\/div>    \t\n    <\/section>\n    \n    \t\t<\/div>\n\t\t\t\t<\/div>\n\t\t\t\t\t<\/div>\n\t\t<\/div>\n\t\t\t\t<div class=\"elementor-column elementor-col-50 elementor-inner-column elementor-element elementor-element-d5a3771\" data-id=\"d5a3771\" data-element_type=\"column\">\n\t\t\t<div class=\"elementor-widget-wrap elementor-element-populated\">\n\t\t\t\t\t\t<div class=\"elementor-element elementor-element-84bf5fa elementor-widget elementor-widget-counsolve_hero_title\" data-id=\"84bf5fa\" data-element_type=\"widget\" data-widget_type=\"counsolve_hero_title.default\">\n\t\t\t\t<div class=\"elementor-widget-container\">\n\t\t\t    \n    <div class=\"te-box-title sec-title \">        \n                <span class=\"te-subtitle sub-title\"><span class=\"te-bn-subtitle\"><\/span><\/span>\n        \t\t<h2 class=\"te_title counsolve-size-default\">VALORES<\/h2>        \n                <div class=\"normal__text text-box\">\n            <p><p><b>En CFC Consultor\u00eda de negocios<\/b> <b>actuamos con respeto, responsabilidad, honestidad, compromiso, confidencialidad y calidad en la ejecuci\u00f3n de los servicios profesionales que ofrecemos a nuestos clientes.<\/b><\/p><\/p>\n        <\/div>\n                \n    <\/div>     \n    \n    \t\t<\/div>\n\t\t\t\t<\/div>\n\t\t\t\t\t<\/div>\n\t\t<\/div>\n\t\t\t\t\t<\/div>\n\t\t<\/section>\n\t\t\t\t\t<\/div>\n\t\t<\/div>\n\t\t\t\t\t<\/div>\n\t\t<\/section>\n\t\t\t\t<\/div>\n\t\t","protected":false},"excerpt":{"rendered":"<p>\u00bfQui\u00e9nes somos? Consultor\u00eda Fiscal Contadores P\u00fablicos y Auditores, S.C., es una Firma profesional independiente integrada por Contadores P\u00fablicos Certificados especialistas en los procesos de gesti\u00f3n empresarial de cualquier actividad econ\u00f3mica que realicen las empresas, con m\u00e1s de 22 a\u00f1os de experiencia, lo que nos permite identificar riesgos en la planeaci\u00f3n, la organizaci\u00f3n, la direcci\u00f3n y [&hellip;]<\/p>\n","protected":false},"author":1,"featured_media":0,"parent":0,"menu_order":0,"comment_status":"closed","ping_status":"closed","template":"tpl-default-elementor.php","meta":{"footnotes":""},"_links":{"self":[{"href":"https:\/\/cfcconsultoria.com\/index.php\/wp-json\/wp\/v2\/pages\/34"}],"collection":[{"href":"https:\/\/cfcconsultoria.com\/index.php\/wp-json\/wp\/v2\/pages"}],"about":[{"href":"https:\/\/cfcconsultoria.com\/index.php\/wp-json\/wp\/v2\/types\/page"}],"author":[{"embeddable":true,"href":"https:\/\/cfcconsultoria.com\/index.php\/wp-json\/wp\/v2\/users\/1"}],"replies":[{"embeddable":true,"href":"https:\/\/cfcconsultoria.com\/index.php\/wp-json\/wp\/v2\/comments?post=34"}],"version-history":[{"count":63,"href":"https:\/\/cfcconsultoria.com\/index.php\/wp-json\/wp\/v2\/pages\/34\/revisions"}],"predecessor-version":[{"id":3790,"href":"https:\/\/cfcconsultoria.com\/index.php\/wp-json\/wp\/v2\/pages\/34\/revisions\/3790"}],"wp:attachment":[{"href":"https:\/\/cfcconsultoria.com\/index.php\/wp-json\/wp\/v2\/media?parent=34"}],"curies":[{"name":"wp","href":"https:\/\/api.w.org\/{rel}","templated":true}]}}