{"id":28,"date":"2023-05-30T08:06:13","date_gmt":"2023-05-30T08:06:13","guid":{"rendered":"https:\/\/wp1.themevibrant.com\/newwp\/counsolve\/?page_id=28"},"modified":"2024-05-30T02:07:59","modified_gmt":"2024-05-30T02:07:59","slug":"grid-view","status":"publish","type":"page","link":"https:\/\/cfcconsultoria.com\/index.php\/grid-view\/","title":{"rendered":"Noticias"},"content":{"rendered":"\t\t<div data-elementor-type=\"wp-page\" data-elementor-id=\"28\" class=\"elementor elementor-28\">\n\t\t\t\t\t\t<section class=\"elementor-section elementor-top-section elementor-element elementor-element-e2f04df elementor-section-full_width elementor-section-height-default elementor-section-height-default\" data-id=\"e2f04df\" data-element_type=\"section\">\n\t\t\t\t\t\t<div class=\"elementor-container elementor-column-gap-default\">\n\t\t\t\t\t<div class=\"elementor-column elementor-col-100 elementor-top-column elementor-element elementor-element-58716f6\" data-id=\"58716f6\" data-element_type=\"column\">\n\t\t\t<div class=\"elementor-widget-wrap elementor-element-populated\">\n\t\t\t\t\t\t<div class=\"elementor-element elementor-element-cc1f10e elementor-widget elementor-widget-counsolve_call_to_action\" data-id=\"cc1f10e\" data-element_type=\"widget\" data-settings=\"{&quot;counsolve_layout_margin&quot;:{&quot;unit&quot;:&quot;px&quot;,&quot;top&quot;:&quot;&quot;,&quot;right&quot;:&quot;&quot;,&quot;bottom&quot;:&quot;&quot;,&quot;left&quot;:&quot;&quot;,&quot;isLinked&quot;:true},&quot;counsolve_layout_margin_tablet&quot;:{&quot;unit&quot;:&quot;px&quot;,&quot;top&quot;:&quot;&quot;,&quot;right&quot;:&quot;&quot;,&quot;bottom&quot;:&quot;&quot;,&quot;left&quot;:&quot;&quot;,&quot;isLinked&quot;:true},&quot;counsolve_layout_margin_mobile&quot;:{&quot;unit&quot;:&quot;px&quot;,&quot;top&quot;:&quot;&quot;,&quot;right&quot;:&quot;&quot;,&quot;bottom&quot;:&quot;&quot;,&quot;left&quot;:&quot;&quot;,&quot;isLinked&quot;:true},&quot;counsolve_layout_padding&quot;:{&quot;unit&quot;:&quot;px&quot;,&quot;top&quot;:&quot;&quot;,&quot;right&quot;:&quot;&quot;,&quot;bottom&quot;:&quot;&quot;,&quot;left&quot;:&quot;&quot;,&quot;isLinked&quot;:true},&quot;counsolve_layout_padding_tablet&quot;:{&quot;unit&quot;:&quot;px&quot;,&quot;top&quot;:&quot;&quot;,&quot;right&quot;:&quot;&quot;,&quot;bottom&quot;:&quot;&quot;,&quot;left&quot;:&quot;&quot;,&quot;isLinked&quot;:true},&quot;counsolve_layout_padding_mobile&quot;:{&quot;unit&quot;:&quot;px&quot;,&quot;top&quot;:&quot;&quot;,&quot;right&quot;:&quot;&quot;,&quot;bottom&quot;:&quot;&quot;,&quot;left&quot;:&quot;&quot;,&quot;isLinked&quot;:true}}\" data-widget_type=\"counsolve_call_to_action.default\">\n\t\t\t\t<div class=\"elementor-widget-container\">\n\t\t\t\t\n    <!-- cta-section -->\n    <section class=\"cta-section alternat-2\">\n        <div class=\"outer-container\">\n            <div class=\"pattern-layer\"  style=\"background-image: url(https:\/\/cfcconsultoria.com\/wp-content\/uploads\/2024\/05\/HEX-0A137E.png);\"><\/div>\n                        <div class=\"image-box-one\">\n            \t                                <div class=\"phone\"><h4>Call:  <a href=\"tel:(+41)-888.76.5432\">(+41)-888.76.5432<\/a><\/h4><\/div>\n                            <\/div>\n                                                <div class=\"auto-container\">\n                <div class=\"row clearfix\">\n                    <div class=\"col-lg-8 col-md-12 col-sm-12 offset-lg-2 content-column\">\n                        <div class=\"content-box\">\n                            <h2>\u00bfsabias que\u2026?<\/h2>                            <div class=\"inner-box\">\n                                                                                                                            <\/div>\n                        <\/div>\n                    <\/div>\n                <\/div>\n            <\/div>\n                    <\/div>\n    <\/section>\n    <!-- cta-section end -->\n            \n    \t\t<\/div>\n\t\t\t\t<\/div>\n\t\t\t\t\t<\/div>\n\t\t<\/div>\n\t\t\t\t\t<\/div>\n\t\t<\/section>\n\t\t\t\t<section class=\"elementor-section elementor-top-section elementor-element elementor-element-e9f4b19 elementor-section-boxed elementor-section-height-default elementor-section-height-default\" data-id=\"e9f4b19\" data-element_type=\"section\">\n\t\t\t\t\t\t<div class=\"elementor-container elementor-column-gap-default\">\n\t\t\t\t\t<div class=\"elementor-column elementor-col-100 elementor-top-column elementor-element elementor-element-4eb7fbe\" data-id=\"4eb7fbe\" data-element_type=\"column\">\n\t\t\t<div class=\"elementor-widget-wrap elementor-element-populated\">\n\t\t\t\t\t\t<div class=\"elementor-element elementor-element-1711b03 elementor-widget elementor-widget-image\" data-id=\"1711b03\" data-element_type=\"widget\" data-widget_type=\"image.default\">\n\t\t\t\t<div class=\"elementor-widget-container\">\n\t\t\t<style>\/*! elementor - v3.21.0 - 26-05-2024 *\/\n.elementor-widget-image{text-align:center}.elementor-widget-image a{display:inline-block}.elementor-widget-image a img[src$=\".svg\"]{width:48px}.elementor-widget-image img{vertical-align:middle;display:inline-block}<\/style>\t\t\t\t\t\t\t\t\t\t<img fetchpriority=\"high\" decoding=\"async\" width=\"270\" height=\"360\" src=\"https:\/\/cfcconsultoria.com\/wp-content\/uploads\/2023\/09\/nosotros3.png\" class=\"attachment-large size-large wp-image-3471\" alt=\"\" srcset=\"https:\/\/cfcconsultoria.com\/wp-content\/uploads\/2023\/09\/nosotros3.png 270w, https:\/\/cfcconsultoria.com\/wp-content\/uploads\/2023\/09\/nosotros3-225x300.png 225w\" sizes=\"(max-width: 270px) 100vw, 270px\" \/>\t\t\t\t\t\t\t\t\t\t\t\t\t<\/div>\n\t\t\t\t<\/div>\n\t\t\t\t\t<\/div>\n\t\t<\/div>\n\t\t\t\t\t<\/div>\n\t\t<\/section>\n\t\t\t\t<section class=\"elementor-section elementor-top-section elementor-element elementor-element-3a3438d elementor-section-full_width elementor-section-height-default elementor-section-height-default\" data-id=\"3a3438d\" data-element_type=\"section\">\n\t\t\t\t\t\t<div class=\"elementor-container elementor-column-gap-default\">\n\t\t\t\t\t<div class=\"elementor-column elementor-col-100 elementor-top-column elementor-element elementor-element-6898af9\" data-id=\"6898af9\" data-element_type=\"column\">\n\t\t\t<div class=\"elementor-widget-wrap elementor-element-populated\">\n\t\t\t\t\t\t<section class=\"elementor-section elementor-inner-section elementor-element elementor-element-0c079f8 elementor-section-boxed elementor-section-height-default elementor-section-height-default\" data-id=\"0c079f8\" data-element_type=\"section\">\n\t\t\t\t\t\t<div class=\"elementor-container elementor-column-gap-default\">\n\t\t\t\t\t<div class=\"elementor-column elementor-col-100 elementor-inner-column elementor-element elementor-element-15e0a2c\" data-id=\"15e0a2c\" data-element_type=\"column\">\n\t\t\t<div class=\"elementor-widget-wrap elementor-element-populated\">\n\t\t\t\t\t\t<div class=\"elementor-element elementor-element-5e16894 elementor-widget elementor-widget-counsolve_blog_grid\" data-id=\"5e16894\" data-element_type=\"widget\" data-settings=\"{&quot;btn_margin2&quot;:{&quot;unit&quot;:&quot;px&quot;,&quot;top&quot;:&quot;&quot;,&quot;right&quot;:&quot;&quot;,&quot;bottom&quot;:&quot;&quot;,&quot;left&quot;:&quot;&quot;,&quot;isLinked&quot;:true},&quot;btn_margin2_tablet&quot;:{&quot;unit&quot;:&quot;px&quot;,&quot;top&quot;:&quot;&quot;,&quot;right&quot;:&quot;&quot;,&quot;bottom&quot;:&quot;&quot;,&quot;left&quot;:&quot;&quot;,&quot;isLinked&quot;:true},&quot;btn_margin2_mobile&quot;:{&quot;unit&quot;:&quot;px&quot;,&quot;top&quot;:&quot;&quot;,&quot;right&quot;:&quot;&quot;,&quot;bottom&quot;:&quot;&quot;,&quot;left&quot;:&quot;&quot;,&quot;isLinked&quot;:true},&quot;btn_padding2&quot;:{&quot;unit&quot;:&quot;px&quot;,&quot;top&quot;:&quot;&quot;,&quot;right&quot;:&quot;&quot;,&quot;bottom&quot;:&quot;&quot;,&quot;left&quot;:&quot;&quot;,&quot;isLinked&quot;:true},&quot;btn_padding2_tablet&quot;:{&quot;unit&quot;:&quot;px&quot;,&quot;top&quot;:&quot;&quot;,&quot;right&quot;:&quot;&quot;,&quot;bottom&quot;:&quot;&quot;,&quot;left&quot;:&quot;&quot;,&quot;isLinked&quot;:true},&quot;btn_padding2_mobile&quot;:{&quot;unit&quot;:&quot;px&quot;,&quot;top&quot;:&quot;&quot;,&quot;right&quot;:&quot;&quot;,&quot;bottom&quot;:&quot;&quot;,&quot;left&quot;:&quot;&quot;,&quot;isLinked&quot;:true}}\" data-widget_type=\"counsolve_blog_grid.default\">\n\t\t\t\t<div class=\"elementor-widget-container\">\n\t\t\t    \n        \n    <section class=\"blog-grid counsolve-news-section p-0 m-0\">\n        <div class=\"row clearfix\">\n                        <div class=\"col-lg-4 col-md-6 col-sm-12 news-block\">\n                <div class=\"news-block-one wow fadeInUp animated\" data-wow-delay=\"00ms\" data-wow-duration=\"1500ms\">\n                    <div class=\"inner-box\">\n                        <div class=\"upper-box\">\n                                                                                <\/div>\n                                                <div class=\"image-box\">\n                            <figure class=\"image\"><a href=\"https:\/\/cfcconsultoria.com\/index.php\/2023\/08\/16\/here-are-some-tips-giving-back-interested-in-this-year\/\"><img decoding=\"async\" width=\"310\" height=\"270\" src=\"https:\/\/cfcconsultoria.com\/wp-content\/uploads\/2023\/05\/news-25-310x270.jpg\" class=\"attachment-counsolve_310x270 size-counsolve_310x270 wp-post-image\" alt=\"\" \/><\/a><\/figure>\n                            <div class=\"view-btn\"><a href=\"https:\/\/cfcconsultoria.com\/wp-content\/uploads\/2023\/05\/news-25.jpg\" class=\"lightbox-image\" data-fancybox=\"gallery\"><i class=\"flaticon-zoom-in\"><\/i><\/a><\/div>\n                        <\/div>\n                                                <div class=\"lower-box\">\n                            <h3><a href=\"https:\/\/cfcconsultoria.com\/index.php\/2023\/08\/16\/here-are-some-tips-giving-back-interested-in-this-year\/\">OBLIGACIONES DE LAS PERSONAS F\u00cdSICAS Y MORALES EN MATERIA DE PARTES RELACIONADAS<\/a><\/h3>\n                            <div class=\"link counsolve-read-btn\"><a href=\"https:\/\/cfcconsultoria.com\/index.php\/2023\/08\/16\/here-are-some-tips-giving-back-interested-in-this-year\/\">\n                            \t<span>\n                                \t\t\t\t\t\t\t\t\t\t\tLeer Mas                                                                    <\/span><\/a>\n                            <\/div>\n                        <\/div>\n                    <\/div>\n                <\/div>\n            <\/div>\n                        <div class=\"col-lg-4 col-md-6 col-sm-12 news-block\">\n                <div class=\"news-block-one wow fadeInUp animated\" data-wow-delay=\"00ms\" data-wow-duration=\"1500ms\">\n                    <div class=\"inner-box\">\n                        <div class=\"upper-box\">\n                                                                                <\/div>\n                                                <div class=\"image-box\">\n                            <figure class=\"image\"><a href=\"https:\/\/cfcconsultoria.com\/index.php\/2023\/05\/30\/revisiting-your-investment-distribution-goals\/\"><img decoding=\"async\" width=\"310\" height=\"270\" src=\"https:\/\/cfcconsultoria.com\/wp-content\/uploads\/2023\/05\/news-20-310x270.jpg\" class=\"attachment-counsolve_310x270 size-counsolve_310x270 wp-post-image\" alt=\"\" \/><\/a><\/figure>\n                            <div class=\"view-btn\"><a href=\"https:\/\/cfcconsultoria.com\/wp-content\/uploads\/2023\/05\/news-20.jpg\" class=\"lightbox-image\" data-fancybox=\"gallery\"><i class=\"flaticon-zoom-in\"><\/i><\/a><\/div>\n                        <\/div>\n                                                <div class=\"lower-box\">\n                            <h3><a href=\"https:\/\/cfcconsultoria.com\/index.php\/2023\/05\/30\/revisiting-your-investment-distribution-goals\/\">OPERACIONES ENTRE PARTES RELACIONADAS<\/a><\/h3>\n                            <div class=\"link counsolve-read-btn\"><a href=\"https:\/\/cfcconsultoria.com\/index.php\/2023\/05\/30\/revisiting-your-investment-distribution-goals\/\">\n                            \t<span>\n                                \t\t\t\t\t\t\t\t\t\t\tLeer Mas                                                                    <\/span><\/a>\n                            <\/div>\n                        <\/div>\n                    <\/div>\n                <\/div>\n            <\/div>\n                        <div class=\"col-lg-4 col-md-6 col-sm-12 news-block\">\n                <div class=\"news-block-one wow fadeInUp animated\" data-wow-delay=\"00ms\" data-wow-duration=\"1500ms\">\n                    <div class=\"inner-box\">\n                        <div class=\"upper-box\">\n                                                                                <\/div>\n                                                <div class=\"image-box\">\n                            <figure class=\"image\"><a href=\"https:\/\/cfcconsultoria.com\/index.php\/2023\/05\/30\/interested-in-giving-back-this-year-here-are-some-tip\/\"><img loading=\"lazy\" decoding=\"async\" width=\"310\" height=\"270\" src=\"https:\/\/cfcconsultoria.com\/wp-content\/uploads\/2023\/05\/news-21-310x270.jpg\" class=\"attachment-counsolve_310x270 size-counsolve_310x270 wp-post-image\" alt=\"\" \/><\/a><\/figure>\n                            <div class=\"view-btn\"><a href=\"https:\/\/cfcconsultoria.com\/wp-content\/uploads\/2023\/05\/news-21.jpg\" class=\"lightbox-image\" data-fancybox=\"gallery\"><i class=\"flaticon-zoom-in\"><\/i><\/a><\/div>\n                        <\/div>\n                                                <div class=\"lower-box\">\n                            <h3><a href=\"https:\/\/cfcconsultoria.com\/index.php\/2023\/05\/30\/interested-in-giving-back-this-year-here-are-some-tip\/\">Problem\u00e1tica del c\u00e1lculo del impuesto sobre la renta al salario m\u00ednimo 2023.<\/a><\/h3>\n                            <div class=\"link counsolve-read-btn\"><a href=\"https:\/\/cfcconsultoria.com\/index.php\/2023\/05\/30\/interested-in-giving-back-this-year-here-are-some-tip\/\">\n                            \t<span>\n                                \t\t\t\t\t\t\t\t\t\t\tLeer Mas                                                                    <\/span><\/a>\n                            <\/div>\n                        <\/div>\n                    <\/div>\n                <\/div>\n            <\/div>\n                    <\/div>\n                <div class=\"pagination-wrapper centred\">\n            <div class=\"pagination clearfix\">\n                            <\/div>\n        <\/div>\n            <\/section>    \n    \n       \t\t\t<\/div>\n\t\t\t\t<\/div>\n\t\t\t\t\t<\/div>\n\t\t<\/div>\n\t\t\t\t\t<\/div>\n\t\t<\/section>\n\t\t\t\t\t<\/div>\n\t\t<\/div>\n\t\t\t\t\t<\/div>\n\t\t<\/section>\n\t\t\t\t<\/div>\n\t\t","protected":false},"excerpt":{"rendered":"<p>Call: (+41)-888.76.5432 \u00bfsabias que\u2026? OBLIGACIONES DE LAS PERSONAS F\u00cdSICAS Y MORALES EN MATERIA DE PARTES RELACIONADAS Leer Mas OPERACIONES ENTRE PARTES RELACIONADAS Leer Mas Problem\u00e1tica del c\u00e1lculo del impuesto sobre la renta al salario m\u00ednimo 2023. Leer Mas<\/p>\n","protected":false},"author":1,"featured_media":0,"parent":0,"menu_order":0,"comment_status":"closed","ping_status":"closed","template":"tpl-default-elementor.php","meta":{"footnotes":""},"_links":{"self":[{"href":"https:\/\/cfcconsultoria.com\/index.php\/wp-json\/wp\/v2\/pages\/28"}],"collection":[{"href":"https:\/\/cfcconsultoria.com\/index.php\/wp-json\/wp\/v2\/pages"}],"about":[{"href":"https:\/\/cfcconsultoria.com\/index.php\/wp-json\/wp\/v2\/types\/page"}],"author":[{"embeddable":true,"href":"https:\/\/cfcconsultoria.com\/index.php\/wp-json\/wp\/v2\/users\/1"}],"replies":[{"embeddable":true,"href":"https:\/\/cfcconsultoria.com\/index.php\/wp-json\/wp\/v2\/comments?post=28"}],"version-history":[{"count":25,"href":"https:\/\/cfcconsultoria.com\/index.php\/wp-json\/wp\/v2\/pages\/28\/revisions"}],"predecessor-version":[{"id":3777,"href":"https:\/\/cfcconsultoria.com\/index.php\/wp-json\/wp\/v2\/pages\/28\/revisions\/3777"}],"wp:attachment":[{"href":"https:\/\/cfcconsultoria.com\/index.php\/wp-json\/wp\/v2\/media?parent=28"}],"curies":[{"name":"wp","href":"https:\/\/api.w.org\/{rel}","templated":true}]}}